{"id":1559,"date":"2020-11-30T15:27:16","date_gmt":"2020-11-30T15:27:16","guid":{"rendered":"https:\/\/korvemaa.ee\/?page_id=1559"},"modified":"2026-04-14T12:42:52","modified_gmt":"2026-04-14T09:42:52","slug":"trails","status":"publish","type":"page","link":"https:\/\/sportlandkorvemaa.ee\/en\/trails\/","title":{"rendered":"Trails"},"content":{"rendered":"<p>K\u00f5rvemaa offers extraordinary natural landscapes, marked health, hiking, nature and ski trails. Explore the forests, bogs and eskers of one of Estonia&#8217;s most diverse nature areas \u2014 just 55 km from Tallinn.<\/p>\n<h2>Winter Season<\/h2>\n<p>During the snowy season, health trails are converted to ski trails. Walking on ski trails is not permitted.<\/p>\n<h3>Ski Trails<\/h3>\n<ul>\n<li><strong>1.5 km ski trail<\/strong> \u2013 calm health trail, ideal for beginners and children.<\/li>\n<li><strong>2.1 km ski trail<\/strong> \u2013 rolling loop, gentle profile, great for children.<\/li>\n<li><strong>3 km ski trail<\/strong> \u2013 lively trail with uphill and downhill sections.<\/li>\n<li><strong>5 km ski trail<\/strong> \u2013 lively trail with uphill and downhill sections.<\/li>\n<li><strong>19 km ski trail<\/strong> \u2013 trail passes through varied terrain: bogs and wetlands, ridges and eskers.<\/li>\n<li><strong>24 km ski trail<\/strong> \u2013 trail passes through varied terrain: bogs and wetlands, ridges and eskers.<\/li>\n<\/ul>\n<h3>Marked Winter Hiking Trails<\/h3>\n<ul>\n<li><strong>4 km hiking trail<\/strong> \u2013 suitable for hiking on foot or by kick-sled.<\/li>\n<\/ul>\n<h2>Hiking &amp; Health Trails (All Seasons)<\/h2>\n<ul>\n<li><strong>1.5 km health trail<\/strong> \u2013 calm trail, ideal for beginners and children.<\/li>\n<li><strong>3 km health trail<\/strong> \u2013 lively trail with uphill and downhill sections. Great for Nordic walking and trail running.<\/li>\n<li><strong>5 km health trail<\/strong> \u2013 lively trail with uphill and downhill sections. Great for Nordic walking and trail running.<\/li>\n<li><strong>10 km terrain trail<\/strong> \u2013 challenging off-road trail. NEW!<\/li>\n<li><strong>14 km hiking trail<\/strong> \u2013 great for FATbike riding.<\/li>\n<li><strong>19 km health trail<\/strong> \u2013 passes through varied terrain: bogs and wetlands, ridges and eskers.<\/li>\n<li><strong>24 km health trail<\/strong> \u2013 passes through varied terrain: bogs and wetlands, ridges and eskers.<\/li>\n<\/ul>\n<h2>Roller Skiing<\/h2>\n<ul>\n<li><strong>2.1 km roller skiing loop<\/strong><\/li>\n<\/ul>\n<h2>Orienteering<\/h2>\n<ul>\n<li><strong>K\u00f5rvemaa MOBO trail<\/strong> \u2013 New mobile orienteering permanent course. 28 checkpoints, reflector markers \u2013 can also be used in darkness.<\/li>\n<li><strong>K\u00f5rvemaa MOBO Bike Trail<\/strong> \u2013 15 checkpoints, reflector markers \u2013 can be used in darkness. Find the trail at <a href=\"https:\/\/mobo.osport.ee\/\">mobo.osport.ee<\/a> (K\u00f5rvemaa RattaO). Paper maps available from our caf\u00e9 or rental.<\/li>\n<\/ul>\n<h2>Disc Golf<\/h2>\n<ul>\n<li><strong>Sportland K\u00f5rvemaa recreational course<\/strong> \u2013 18-basket course, suitable for both beginners and experienced players.<\/li>\n<li><strong>Prodigy K\u00f5rvemaa course<\/strong> \u2013 21-basket competition course for advanced players.<\/li>\n<\/ul>\n<h2>Archery Range<\/h2>\n<ul>\n<li>K\u00f5rvemaa archery range features a spacious practice area and nine shooting positions.<\/li>\n<\/ul>\n<h2>Nearby RMK Trails<\/h2>\n<p>The surrounding forest management area also has beautiful RMK nature trails and long-distance hiking paths. More info at <a href=\"https:\/\/loodusegakoos.ee\/kuhuminna\/puhkealad\/aegviidu-korvemaa-puhkeala\">loodusegakoos.ee<\/a>.<\/p>\n<ul>\n<li><strong>Uuej\u00e4rve nature trail<\/strong> \u2013 6 km. Can be combined with a start from Sportland K\u00f5rvemaa (~8 km total).<\/li>\n<li><strong>Jussi nature trail<\/strong> \u2013 8 km. Can start from Koersilla car park or Sportland K\u00f5rvemaa.<\/li>\n<li><strong>Paukj\u00e4rve nature trail<\/strong> \u2013 5 km. Can be combined with Jussi nature trail.<\/li>\n<li><strong>J\u00e4rvi-Aegviidu hiking trail<\/strong> \u2013 27 km.<\/li>\n<li><strong>Oandu \u2013 Ikla<\/strong> \u2013 RMK 375 km long-distance trail passing through K\u00f5rvemaa.<\/li>\n<li><strong>Perak\u00fcla-Aegviidu-\u00c4hij\u00e4rve<\/strong> \u2013 RMK 820 km trail.<\/li>\n<li><strong>Penij\u00f5e-Aegviidu-Kauksi<\/strong> \u2013 RMK 614 km trail.<\/li>\n<\/ul>\n<p>More info: <a href=\"mailto:info@korvemaa.ee\">info@korvemaa.ee<\/a> | <a href=\"tel:+37253499598\">+372 5349 9598<\/a><\/p>\n<h2>Good to Know<\/h2>\n<ul>\n<li>All trails are clearly marked.<\/li>\n<li>Trail maps available from the centre.<\/li>\n<li>In winter, health trails are reserved for skiing only!<\/li>\n<\/ul>\n<p><a href=\"\/en\/contact\/\">Ask for a quote \u2192<\/a><\/p>\n","protected":false},"excerpt":{"rendered":"<p>K\u00f5rvemaa offers extraordinary natural landscapes, marked health, hiking, nature and ski trails. Explore the forests, bogs and eskers of one of Estonia&#8217;s most diverse nature areas \u2014 just 55 km from Tallinn. Winter Season During the snowy season, health trails are converted to ski trails. Walking on ski trails is not permitted. Ski Trails 1.5 [&hellip;]<\/p>\n","protected":false},"author":8,"featured_media":0,"parent":0,"menu_order":0,"comment_status":"closed","ping_status":"closed","template":"page-teenus.php","meta":{"_acf_changed":false,"footnotes":""},"class_list":["post-1559","page","type-page","status-publish","hentry"],"acf":[],"_links":{"self":[{"href":"https:\/\/sportlandkorvemaa.ee\/en\/wp-json\/wp\/v2\/pages\/1559","targetHints":{"allow":["GET"]}}],"collection":[{"href":"https:\/\/sportlandkorvemaa.ee\/en\/wp-json\/wp\/v2\/pages"}],"about":[{"href":"https:\/\/sportlandkorvemaa.ee\/en\/wp-json\/wp\/v2\/types\/page"}],"author":[{"embeddable":true,"href":"https:\/\/sportlandkorvemaa.ee\/en\/wp-json\/wp\/v2\/users\/8"}],"replies":[{"embeddable":true,"href":"https:\/\/sportlandkorvemaa.ee\/en\/wp-json\/wp\/v2\/comments?post=1559"}],"version-history":[{"count":16,"href":"https:\/\/sportlandkorvemaa.ee\/en\/wp-json\/wp\/v2\/pages\/1559\/revisions"}],"predecessor-version":[{"id":14429,"href":"https:\/\/sportlandkorvemaa.ee\/en\/wp-json\/wp\/v2\/pages\/1559\/revisions\/14429"}],"wp:attachment":[{"href":"https:\/\/sportlandkorvemaa.ee\/en\/wp-json\/wp\/v2\/media?parent=1559"}],"curies":[{"name":"wp","href":"https:\/\/api.w.org\/{rel}","templated":true}]}}